{"id":702,"date":"2018-09-26T08:48:33","date_gmt":"2018-09-26T08:48:33","guid":{"rendered":"https:\/\/laperdiz.com.uy\/index.php\/menu\/"},"modified":"2026-04-15T11:02:05","modified_gmt":"2026-04-15T14:02:05","slug":"menu","status":"publish","type":"page","link":"https:\/\/laperdiz.com.uy\/index.php\/menu\/","title":{"rendered":"Men\u00fa"},"content":{"rendered":"<h1>Men\u00fa<\/h1>\n<h4>Servimos carnes rojas y pastas, como tambi\u00e9n pescados y mariscos. Con una excelente relaci\u00f3n calidad-precio, La Perdiz destaca dentro de la oferta gastron\u00f3mica uruguaya.\u200b<\/h4>\n<div class=\"_df_book df-lite\" id=\"df_1249\"  _slug=\"menu-marzo\" data-title=\"menu-marzo\" wpoptions=\"true\" thumbtype=\"\" ><\/div><script class=\"df-shortcode-script\" nowprocket type=\"application\/javascript\">window.option_df_1249 = {\"outline\":[],\"autoEnableOutline\":\"false\",\"autoEnableThumbnail\":\"false\",\"overwritePDFOutline\":\"false\",\"direction\":\"1\",\"pageSize\":\"0\",\"source\":\"https:\\\/\\\/laperdiz.com.uy\\\/wp-content\\\/uploads\\\/2026\\\/04\\\/Menu-Abril-1.pdf\",\"wpOptions\":\"true\"}; if(window.DFLIP && window.DFLIP.parseBooks){window.DFLIP.parseBooks();}<\/script>\n<h2>descarga el men\u00fa en PDF<\/h2>\n<p><a href=\"https:\/\/laperdiz.com.uy\/wp-content\/uploads\/2026\/04\/Menu-Abril.pdf\">MENU PDF\u00a0<\/a><\/p>\n\n\n<p><\/p>\n","protected":false},"excerpt":{"rendered":"<p>Men\u00fa Servimos carnes rojas y pastas, como tambi\u00e9n pescados y mariscos. Con una excelente relaci\u00f3n calidad-precio, La Perdiz destaca dentro de la oferta gastron\u00f3mica uruguaya.\u200b descarga el men\u00fa en PDF MENU PDF\u00a0<\/p>\n","protected":false},"author":1,"featured_media":0,"parent":0,"menu_order":0,"comment_status":"closed","ping_status":"closed","template":"","meta":{"site-sidebar-layout":"no-sidebar","site-content-layout":"page-builder","ast-site-content-layout":"full-width-container","site-content-style":"unboxed","site-sidebar-style":"unboxed","ast-global-header-display":"","ast-banner-title-visibility":"","ast-main-header-display":"","ast-hfb-above-header-display":"","ast-hfb-below-header-display":"","ast-hfb-mobile-header-display":"","site-post-title":"disabled","ast-breadcrumbs-content":"","ast-featured-img":"disabled","footer-sml-layout":"","ast-disable-related-posts":"","theme-transparent-header-meta":"default","adv-header-id-meta":"","stick-header-meta":"","header-above-stick-meta":"","header-main-stick-meta":"","header-below-stick-meta":"","astra-migrate-meta-layouts":"set","ast-page-background-enabled":"default","ast-page-background-meta":{"desktop":{"background-color":"","background-image":"","background-repeat":"repeat","background-position":"center center","background-size":"auto","background-attachment":"scroll","background-type":"","background-media":"","overlay-type":"","overlay-color":"","overlay-opacity":"","overlay-gradient":""},"tablet":{"background-color":"","background-image":"","background-repeat":"repeat","background-position":"center center","background-size":"auto","background-attachment":"scroll","background-type":"","background-media":"","overlay-type":"","overlay-color":"","overlay-opacity":"","overlay-gradient":""},"mobile":{"background-color":"","background-image":"","background-repeat":"repeat","background-position":"center center","background-size":"auto","background-attachment":"scroll","background-type":"","background-media":"","overlay-type":"","overlay-color":"","overlay-opacity":"","overlay-gradient":""}},"ast-content-background-meta":{"desktop":{"background-color":"var(--ast-global-color-5)","background-image":"","background-repeat":"repeat","background-position":"center center","background-size":"auto","background-attachment":"scroll","background-type":"","background-media":"","overlay-type":"","overlay-color":"","overlay-opacity":"","overlay-gradient":""},"tablet":{"background-color":"var(--ast-global-color-5)","background-image":"","background-repeat":"repeat","background-position":"center center","background-size":"auto","background-attachment":"scroll","background-type":"","background-media":"","overlay-type":"","overlay-color":"","overlay-opacity":"","overlay-gradient":""},"mobile":{"background-color":"var(--ast-global-color-5)","background-image":"","background-repeat":"repeat","background-position":"center center","background-size":"auto","background-attachment":"scroll","background-type":"","background-media":"","overlay-type":"","overlay-color":"","overlay-opacity":"","overlay-gradient":""}},"footnotes":""},"class_list":["post-702","page","type-page","status-publish","hentry"],"_links":{"self":[{"href":"https:\/\/laperdiz.com.uy\/index.php\/wp-json\/wp\/v2\/pages\/702","targetHints":{"allow":["GET"]}}],"collection":[{"href":"https:\/\/laperdiz.com.uy\/index.php\/wp-json\/wp\/v2\/pages"}],"about":[{"href":"https:\/\/laperdiz.com.uy\/index.php\/wp-json\/wp\/v2\/types\/page"}],"author":[{"embeddable":true,"href":"https:\/\/laperdiz.com.uy\/index.php\/wp-json\/wp\/v2\/users\/1"}],"replies":[{"embeddable":true,"href":"https:\/\/laperdiz.com.uy\/index.php\/wp-json\/wp\/v2\/comments?post=702"}],"version-history":[{"count":76,"href":"https:\/\/laperdiz.com.uy\/index.php\/wp-json\/wp\/v2\/pages\/702\/revisions"}],"predecessor-version":[{"id":1257,"href":"https:\/\/laperdiz.com.uy\/index.php\/wp-json\/wp\/v2\/pages\/702\/revisions\/1257"}],"wp:attachment":[{"href":"https:\/\/laperdiz.com.uy\/index.php\/wp-json\/wp\/v2\/media?parent=702"}],"curies":[{"name":"wp","href":"https:\/\/api.w.org\/{rel}","templated":true}]}}