{"id":701,"date":"2018-09-26T08:48:22","date_gmt":"2018-09-26T08:48:22","guid":{"rendered":"https:\/\/laperdiz.com.uy\/index.php\/about-us\/"},"modified":"2023-12-06T20:04:13","modified_gmt":"2023-12-06T23:04:13","slug":"nosotros","status":"publish","type":"page","link":"https:\/\/laperdiz.com.uy\/index.php\/nosotros\/","title":{"rendered":"Nosotros"},"content":{"rendered":"<h1>nosotros<\/h1>\n<figure><img loading=\"lazy\" decoding=\"async\" width=\"900\" height=\"900\" src=\"https:\/\/laperdiz.com.uy\/wp-content\/uploads\/2020\/07\/Mesa-de-trabajo-3-100.jpg\" alt=\"\" loading=\"lazy\" srcset=\"https:\/\/laperdiz.com.uy\/wp-content\/uploads\/2020\/07\/Mesa-de-trabajo-3-100.jpg 900w, https:\/\/laperdiz.com.uy\/wp-content\/uploads\/2020\/07\/Mesa-de-trabajo-3-100-300x300.jpg 300w, https:\/\/laperdiz.com.uy\/wp-content\/uploads\/2020\/07\/Mesa-de-trabajo-3-100-150x150.jpg 150w, https:\/\/laperdiz.com.uy\/wp-content\/uploads\/2020\/07\/Mesa-de-trabajo-3-100-768x768.jpg 768w\" sizes=\"auto, (max-width: 900px) 100vw, 900px\" \/><\/figure>\n<h3> Nuestro restaurante es un colectivo de personas incre\u00edbles que se esfuerzan por construir una deliciosa cocina uruguaya<\/h3>\n<p>El Restaurante La Perdiz nace a principios del a\u00f1o 2000 como un desaf\u00edo de su propietario. Luego de haber estudiado y trabajado diez a\u00f1os fuera del pa\u00eds.<\/p>\n<p>En estos \u00a020 a\u00f1os de trayectoria en la Gastronom\u00eda de Montevideo, nuestra clientela nos ha solicitado la realizaci\u00f3n de eventos de todo tipo, sociales, empresariales, etc., los cuales se atend\u00edan, como una actividad complementaria a la del Restaurant.<\/p>\n<p>\t\t\t\t\t\t\t\t\t\t<img decoding=\"async\" src=\"https:\/\/laperdiz.com.uy\/wp-content\/uploads\/elementor\/thumbs\/IMG_2495-scaled-ow76ge7tdqw5cftrejycv50haxzf263ercryuxxafk.jpg\" title=\"IMG_2495\" alt=\"IMG_2495\" \/><br \/>\n\t\t\t\t\t\t\t\t\t\t<img decoding=\"async\" src=\"https:\/\/laperdiz.com.uy\/wp-content\/uploads\/elementor\/thumbs\/Red-wine-img-ow75x98486m4nax4heqixxpjya2cyl88t73vq1z5kw.jpg\" title=\"Red-wine-img\" alt=\"Red-wine-img\" \/><br \/>\n\t\t\t\t\t\t\t\t\t\t<img decoding=\"async\" src=\"https:\/\/laperdiz.com.uy\/wp-content\/uploads\/elementor\/thumbs\/67317975_694401624363903_5139738606732186445_n-ow7664t8rurmaq0wn8vohp29xab5nogzd4wz4ei540.jpg\" title=\"67317975_694401624363903_5139738606732186445_n\" alt=\"67317975_694401624363903_5139738606732186445_n\" \/>\t\t\t\t\t\t\t\t\t\t\t<\/p>\n<h2>datos del restaurante<\/h2>\n<h4>\n\t\t\t\t\tWiFi gratis<br \/>\n\t\t\t\t<\/h4>\n<h4>\n\t\t\t\t\tzona fumadores<br \/>\n\t\t\t\t<\/h4>\n<h4>\n\t\t\t\t\tVigilancia<br \/>\n\t\t\t\t<\/h4>\n<h4>\n\t\t\t\t\tclimatizado<br \/>\n\t\t\t\t<\/h4>\n<h4>visita nuestras recomendaciones y redes sociales<\/h4>\n<p>\t\t\t\t\t\t\t\t\t\t\t<a href=\"https:\/\/www.tripadvisor.com.ar\/Restaurant_Review-g294323-d1529010-Reviews-La_Perdiz_Restaurant_Parrillada-Montevideo_Montevideo_Department.html\"><br \/>\n\t\t\t\t\t\t\t<img loading=\"lazy\" decoding=\"async\" width=\"140\" height=\"57\" src=\"https:\/\/laperdiz.com.uy\/wp-content\/uploads\/2018\/10\/tripadvisorlogo1-free-img.png\" alt=\"\" loading=\"lazy\" \/>\t\t\t\t\t\t\t\t<\/a><br \/>\n\t\t\t\t\t\t\t\t\t\t<img loading=\"lazy\" decoding=\"async\" width=\"140\" height=\"57\" src=\"https:\/\/laperdiz.com.uy\/wp-content\/uploads\/2018\/10\/google-reviews-free-img.png\" alt=\"\" loading=\"lazy\" \/><br \/>\n\t\t\t\t\t\t\t\t\t\t\t<a href=\"https:\/\/www.facebook.com\/pg\/laperdizMVD\/reviews\/\"><br \/>\n\t\t\t\t\t\t\t<img loading=\"lazy\" decoding=\"async\" width=\"140\" height=\"57\" src=\"https:\/\/laperdiz.com.uy\/wp-content\/uploads\/2018\/10\/fb-free-imng.png\" alt=\"\" loading=\"lazy\" \/>\t\t\t\t\t\t\t\t<\/a><br \/>\n\t\t\t\t\t\t\t\t\t\t\t<a href=\"https:\/\/www.booking.com\/reviews\/es\/hotel\/la-perdiz-sotres-de-cabrales.es.html?aid=356980;label=gog235jc-1DCA0oRkIcbGEtcGVyZGl6LXNvdHJlcy1kZS1jYWJyYWxlc0gzWANo7QGIAQGYAQq4ARfIAQzYAQPoAQGIAgGoAgO4AsHlg_gFwAIB0gIkYzhkMTdhZGEtNjU1ZS00MWFjLTg5NjktMmI2MzRjOTA2OWI02AIE4AIB;sid=308b5db2af10aabf1b62ac5e66d80853;customer_type=total&#038;hp_nav=0&#038;keep_landing=1&#038;order=featuredreviews&#038;page=1&#038;r_lang=es&#038;rows=75&#038;\"><br \/>\n\t\t\t\t\t\t\t<img loading=\"lazy\" decoding=\"async\" width=\"598\" height=\"300\" src=\"https:\/\/laperdiz.com.uy\/wp-content\/uploads\/2020\/07\/logo-booking-com-white-around.png\" alt=\"\" loading=\"lazy\" srcset=\"https:\/\/laperdiz.com.uy\/wp-content\/uploads\/2020\/07\/logo-booking-com-white-around.png 598w, https:\/\/laperdiz.com.uy\/wp-content\/uploads\/2020\/07\/logo-booking-com-white-around-300x151.png 300w\" sizes=\"auto, (max-width: 598px) 100vw, 598px\" \/>\t\t\t\t\t\t\t\t<\/a><\/p>\n","protected":false},"excerpt":{"rendered":"<p>nosotros Nuestro restaurante es un colectivo de personas incre\u00edbles que se esfuerzan por construir una deliciosa cocina uruguaya El Restaurante La Perdiz nace a principios del a\u00f1o 2000 como un desaf\u00edo de su propietario. Luego de haber estudiado y trabajado diez a\u00f1os fuera del pa\u00eds. En estos \u00a020 a\u00f1os de trayectoria en la Gastronom\u00eda de [&hellip;]<\/p>\n","protected":false},"author":1,"featured_media":0,"parent":0,"menu_order":0,"comment_status":"closed","ping_status":"closed","template":"","meta":{"site-sidebar-layout":"no-sidebar","site-content-layout":"page-builder","ast-site-content-layout":"full-width-container","site-content-style":"unboxed","site-sidebar-style":"unboxed","ast-global-header-display":"","ast-banner-title-visibility":"","ast-main-header-display":"","ast-hfb-above-header-display":"","ast-hfb-below-header-display":"","ast-hfb-mobile-header-display":"","site-post-title":"disabled","ast-breadcrumbs-content":"","ast-featured-img":"disabled","footer-sml-layout":"","ast-disable-related-posts":"","theme-transparent-header-meta":"default","adv-header-id-meta":"","stick-header-meta":"","header-above-stick-meta":"","header-main-stick-meta":"","header-below-stick-meta":"","astra-migrate-meta-layouts":"set","ast-page-background-enabled":"default","ast-page-background-meta":{"desktop":{"background-color":"","background-image":"","background-repeat":"repeat","background-position":"center center","background-size":"auto","background-attachment":"scroll","background-type":"","background-media":"","overlay-type":"","overlay-color":"","overlay-opacity":"","overlay-gradient":""},"tablet":{"background-color":"","background-image":"","background-repeat":"repeat","background-position":"center center","background-size":"auto","background-attachment":"scroll","background-type":"","background-media":"","overlay-type":"","overlay-color":"","overlay-opacity":"","overlay-gradient":""},"mobile":{"background-color":"","background-image":"","background-repeat":"repeat","background-position":"center center","background-size":"auto","background-attachment":"scroll","background-type":"","background-media":"","overlay-type":"","overlay-color":"","overlay-opacity":"","overlay-gradient":""}},"ast-content-background-meta":{"desktop":{"background-color":"var(--ast-global-color-5)","background-image":"","background-repeat":"repeat","background-position":"center center","background-size":"auto","background-attachment":"scroll","background-type":"","background-media":"","overlay-type":"","overlay-color":"","overlay-opacity":"","overlay-gradient":""},"tablet":{"background-color":"var(--ast-global-color-5)","background-image":"","background-repeat":"repeat","background-position":"center center","background-size":"auto","background-attachment":"scroll","background-type":"","background-media":"","overlay-type":"","overlay-color":"","overlay-opacity":"","overlay-gradient":""},"mobile":{"background-color":"var(--ast-global-color-5)","background-image":"","background-repeat":"repeat","background-position":"center center","background-size":"auto","background-attachment":"scroll","background-type":"","background-media":"","overlay-type":"","overlay-color":"","overlay-opacity":"","overlay-gradient":""}},"footnotes":""},"class_list":["post-701","page","type-page","status-publish","hentry"],"_links":{"self":[{"href":"https:\/\/laperdiz.com.uy\/index.php\/wp-json\/wp\/v2\/pages\/701","targetHints":{"allow":["GET"]}}],"collection":[{"href":"https:\/\/laperdiz.com.uy\/index.php\/wp-json\/wp\/v2\/pages"}],"about":[{"href":"https:\/\/laperdiz.com.uy\/index.php\/wp-json\/wp\/v2\/types\/page"}],"author":[{"embeddable":true,"href":"https:\/\/laperdiz.com.uy\/index.php\/wp-json\/wp\/v2\/users\/1"}],"replies":[{"embeddable":true,"href":"https:\/\/laperdiz.com.uy\/index.php\/wp-json\/wp\/v2\/comments?post=701"}],"version-history":[{"count":5,"href":"https:\/\/laperdiz.com.uy\/index.php\/wp-json\/wp\/v2\/pages\/701\/revisions"}],"predecessor-version":[{"id":1172,"href":"https:\/\/laperdiz.com.uy\/index.php\/wp-json\/wp\/v2\/pages\/701\/revisions\/1172"}],"wp:attachment":[{"href":"https:\/\/laperdiz.com.uy\/index.php\/wp-json\/wp\/v2\/media?parent=701"}],"curies":[{"name":"wp","href":"https:\/\/api.w.org\/{rel}","templated":true}]}}